{"id":8659,"date":"2024-09-17T11:32:04","date_gmt":"2024-09-17T11:32:04","guid":{"rendered":"https:\/\/sitio2.utopiasl.eu\/?page_id=8659"},"modified":"2025-09-08T10:27:58","modified_gmt":"2025-09-08T10:27:58","slug":"politica-de-privacidade","status":"publish","type":"page","link":"https:\/\/clece.es\/gl\/politica-de-privacidade\/","title":{"rendered":"Pol\u00edtica de privacidade"},"content":{"rendered":"\t\t<div data-elementor-type=\"wp-page\" data-elementor-id=\"8659\" class=\"elementor elementor-8659 elementor-177\" data-elementor-post-type=\"page\">\n\t\t\t\t<div class=\"elementor-element elementor-element-29c33de e-flex e-con-boxed e-con e-parent\" data-id=\"29c33de\" data-element_type=\"container\" data-e-type=\"container\">\n\t\t\t\t\t<div class=\"e-con-inner\">\n\t\t\t\t<div class=\"elementor-element elementor-element-f61667f elementor-widget elementor-widget-heading\" data-id=\"f61667f\" data-element_type=\"widget\" data-e-type=\"widget\" data-widget_type=\"heading.default\">\n\t\t\t\t<div class=\"elementor-widget-container\">\n\t\t\t\t\t<h2 class=\"elementor-heading-title elementor-size-default\">POL\u00cdTICA DE PRIVACIDADE<\/h2>\t\t\t\t<\/div>\n\t\t\t\t<\/div>\n\t\t\t\t\t<\/div>\n\t\t\t\t<\/div>\n\t\t<div class=\"elementor-element elementor-element-3f3324e e-flex e-con-boxed e-con e-parent\" data-id=\"3f3324e\" data-element_type=\"container\" data-e-type=\"container\">\n\t\t\t\t\t<div class=\"e-con-inner\">\n\t\t\t\t<div class=\"elementor-element elementor-element-e6cd495 elementor-widget elementor-widget-text-editor\" data-id=\"e6cd495\" data-element_type=\"widget\" data-e-type=\"widget\" data-widget_type=\"text-editor.default\">\n\t\t\t\t<div class=\"elementor-widget-container\">\n\t\t\t\t\t\t\t\t\t<p><strong>1. QUEN \u00c9 O RESPONSABLE DO TRATAMENTO DOS SEUS DATOS PERSOAIS?<\/strong><\/p><table><tbody><tr><td><strong>Denominaci\u00f3n Social:<\/strong> CLECE, S.A.<\/td><\/tr><tr><td><strong>CIF<\/strong>: A80364243<\/td><\/tr><tr><td><strong>Enderezo Rexistrado:<\/strong> R\u00faa de Quintanavides, 19, Bloque 4 \u2013 Andares 1 e 2, 28050 Madrid, Espa\u00f1a<\/td><\/tr><tr><td><strong>Tel\u00e9fono<\/strong>: +34 91 745 91 00<\/td><\/tr><tr><td><strong>Correo Electr\u00f3nico do Delegado de Protecci\u00f3n de Datos (DPD)<\/strong>: <a href=\"mailto:rgpd-clece@clece.es\">rgpd-clece@clece.es<\/a><\/td><\/tr><\/tbody><\/table>\t\t\t\t\t\t\t\t<\/div>\n\t\t\t\t<\/div>\n\t\t\t\t\t<\/div>\n\t\t\t\t<\/div>\n\t\t<div class=\"elementor-element elementor-element-624646f e-flex e-con-boxed e-con e-parent\" data-id=\"624646f\" data-element_type=\"container\" data-e-type=\"container\">\n\t\t\t\t\t<div class=\"e-con-inner\">\n\t\t\t\t<div class=\"elementor-element elementor-element-0a9d467 elementor-widget elementor-widget-text-editor\" data-id=\"0a9d467\" data-element_type=\"widget\" data-e-type=\"widget\" data-widget_type=\"text-editor.default\">\n\t\t\t\t<div class=\"elementor-widget-container\">\n\t\t\t\t\t\t\t\t\t<p><strong>2.\u00a0 CON QUE FINALIDADE E BAIXO QUE BASE LEXAL TRATAMOS OS SEUS DATOS PERSOAIS?<\/strong><br \/>A trav\u00e9s deste sitio web, recollemos datos persoais mediante o formulario de contacto para os<br \/>seguintes prop\u00f3sitos:<br \/><strong>Xesti\u00f3n de solicitudes de informaci\u00f3n e contacto:<\/strong><\/p>\n<ul>\n<li>Recollemos e xestionamos consultas relacionadas cos nosos servizos.<\/li>\n<li>Proporcionamos informaci\u00f3n sobre os servizos en funci\u00f3n da \u00e1rea xeogr\u00e1fica<br \/>seleccionada.<\/li>\n<li>Atendemos as solicitudes recibidas.<\/li>\n<\/ul>\n<p>A base lex\u00edtima para este tratamento \u00e9 a execuci\u00f3n dun contrato ou medidas precontractuais<br \/>conforme ao artigo 6.1(b) do Regulamento Xeral de Protecci\u00f3n de Datos (RXPD), considerando<br \/>que o consentimento se entende outorgado cando vostede env\u00eda o formulario cos seus datos.<\/p>\n<p><strong>Xesti\u00f3n de suxesti\u00f3ns, reclamaci\u00f3ns e comentarios:<\/strong><\/p>\n<ul>\n<li>Procesar queixas, suxesti\u00f3ns ou comentarios enviados a trav\u00e9s da secci\u00f3n<br \/>correspondente.<\/li>\n<li>Responder a solicitudes relacionadas coa calidade dos servizos prestados.<\/li>\n<\/ul>\n<p>A base lex\u00edtima para este tratamento \u00e9 a atenci\u00f3n e resoluci\u00f3n da s\u00faa reclamaci\u00f3n e\/ou solicitude, en base ao artigo 6.1(b) do RXPD, considerando que o consentimento se entende outorgado cando vostede env\u00eda o formulario cos seus datos.<br \/>Se vostede se pon en contacto connosco a trav\u00e9s doutros medios (por exemplo, correo electr\u00f3nico), procesaremos os seus datos para tramitar a s\u00faa solicitude e responder a trav\u00e9s do medio de contacto facilitado. A base lex\u00edtima para este tratamento \u00e9 o seu consentimento<br \/>expl\u00edcito, considerado outorgado ao recibir a s\u00faa solicitude por correo electr\u00f3nico.<\/p>\t\t\t\t\t\t\t\t<\/div>\n\t\t\t\t<\/div>\n\t\t\t\t\t<\/div>\n\t\t\t\t<\/div>\n\t\t<div class=\"elementor-element elementor-element-9c6497e e-flex e-con-boxed e-con e-parent\" data-id=\"9c6497e\" data-element_type=\"container\" data-e-type=\"container\">\n\t\t\t\t\t<div class=\"e-con-inner\">\n\t\t\t\t<div class=\"elementor-element elementor-element-4de98c5 elementor-widget elementor-widget-text-editor\" data-id=\"4de98c5\" data-element_type=\"widget\" data-e-type=\"widget\" data-widget_type=\"text-editor.default\">\n\t\t\t\t<div class=\"elementor-widget-container\">\n\t\t\t\t\t\t\t\t\t<p><strong>3. QUE CATEGOR\u00cdAS DE DATOS PERSOAIS TRATAMOS?<\/strong><\/p>\n<p>Dependendo do uso que faga do noso sitio web, poderemos tratar as seguintes categor\u00edas de datos persoais:<\/p>\n<ul>\n<li><strong>Datos identificativos e de contacto<\/strong>: Nome, apelidos, enderezo de correo electr\u00f3nico e tel\u00e9fono.<\/li>\n<li><strong>Datos de localizaci\u00f3n:<\/strong> Selecci\u00f3n da \u00e1rea xeogr\u00e1fica.<\/li>\n<li><strong>Datos de navegaci\u00f3n:<\/strong> Enderezo IP e patr\u00f3ns de uso do sitio web (Para m\u00e1is informaci\u00f3n, consulte a nosa Pol\u00edtica de Cookies).<\/li>\n<li><strong>Outros datos:<\/strong> Informaci\u00f3n adicional proporcionada polo usuario no campo &#8220;Comentarios&#8221;; do formulario.<\/li>\n<\/ul>\n<p>Ped\u00edmoslle que non env\u00ede datos persoais sensibles ou informaci\u00f3n de terceiros sen o seu consentimento expl\u00edcito a trav\u00e9s do formulario web ou por ning\u00fan dos correos electr\u00f3nicos indicados neste sitio web.<\/p>\t\t\t\t\t\t\t\t<\/div>\n\t\t\t\t<\/div>\n\t\t\t\t\t<\/div>\n\t\t\t\t<\/div>\n\t\t<div class=\"elementor-element elementor-element-16be49a e-flex e-con-boxed e-con e-parent\" data-id=\"16be49a\" data-element_type=\"container\" data-e-type=\"container\">\n\t\t\t\t\t<div class=\"e-con-inner\">\n\t\t\t\t<div class=\"elementor-element elementor-element-97f2761 elementor-widget elementor-widget-text-editor\" data-id=\"97f2761\" data-element_type=\"widget\" data-e-type=\"widget\" data-widget_type=\"text-editor.default\">\n\t\t\t\t<div class=\"elementor-widget-container\">\n\t\t\t\t\t\t\t\t\t<p><strong>4. CANTO TEMPO CONSERVAMOS OS SEUS DATOS PERSOAIS?<\/strong><\/p>\n<p>Os datos persoais ser\u00e1n conservados durante os seguintes per\u00edodos:<\/p>\n<ul>\n<li>Xesti\u00f3n de solicitudes e consultas: Ata resolver a consulta e por un m\u00e1ximo de 12 meses.\u00a0<\/li>\n<li>Suxesti\u00f3ns e reclamaci\u00f3ns: Durante o tempo necesario para a s\u00faa resoluci\u00f3n e ata 5 anos despois da s\u00faa tramitaci\u00f3n (prazo de prescrici\u00f3n de posibles acci\u00f3ns civ\u00eds).<\/li>\n<li>Datos de navegaci\u00f3n: Segundo a configuraci\u00f3n de cookies (Para m\u00e1is informaci\u00f3n, consulte a nosa Pol\u00edtica de Cookies).<\/li>\n<\/ul>\t\t\t\t\t\t\t\t<\/div>\n\t\t\t\t<\/div>\n\t\t\t\t\t<\/div>\n\t\t\t\t<\/div>\n\t\t<div class=\"elementor-element elementor-element-4cc53a7 e-flex e-con-boxed e-con e-parent\" data-id=\"4cc53a7\" data-element_type=\"container\" data-e-type=\"container\">\n\t\t\t\t\t<div class=\"e-con-inner\">\n\t\t\t\t<div class=\"elementor-element elementor-element-490a5b6 elementor-widget elementor-widget-text-editor\" data-id=\"490a5b6\" data-element_type=\"widget\" data-e-type=\"widget\" data-widget_type=\"text-editor.default\">\n\t\t\t\t<div class=\"elementor-widget-container\">\n\t\t\t\t\t\t\t\t\t<p><strong>5. CON QUEN COMPARTIMOS OS SEUS DATOS PERSOAIS?<\/strong><\/p><p>Non compartiremos os seus datos persoais con terceiros alleos ao Grupo CLECE, salvo que sexa necesario por obriga legal ou para a prestaci\u00f3n de servizos con provedores contratados, tales como:<\/p><ul><li><strong>Provedores tecnol\u00f3xicos:<\/strong> Plataformas de aloxamento e mantemento web.<\/li><li><strong>Autoridades e organismos p\u00fablicos<\/strong>: Cando as\u00ed o requira a lexislaci\u00f3n aplicable.<\/li><\/ul><p>\u00a0<\/p><p>En caso de servizos con provedores f\u00f3ra do Espazo Econ\u00f3mico Europeo (EEE), garantimos que se cumpren as garant\u00edas adecuadas para a protecci\u00f3n dos datos persoais.<\/p><p>Ademais, a nosa compa\u00f1\u00eda est\u00e1 presente en redes sociais (Facebook, Twitter, YouTube, LinkedIn). Ao interactuar cos nosos perf\u00eds, recomend\u00e1moslle revisar as s\u00faas pol\u00edticas de privacidade.<\/p>\t\t\t\t\t\t\t\t<\/div>\n\t\t\t\t<\/div>\n\t\t\t\t\t<\/div>\n\t\t\t\t<\/div>\n\t\t<div class=\"elementor-element elementor-element-3293806 e-flex e-con-boxed e-con e-parent\" data-id=\"3293806\" data-element_type=\"container\" data-e-type=\"container\">\n\t\t\t\t\t<div class=\"e-con-inner\">\n\t\t\t\t<div class=\"elementor-element elementor-element-c692655 elementor-widget elementor-widget-text-editor\" data-id=\"c692655\" data-element_type=\"widget\" data-e-type=\"widget\" data-widget_type=\"text-editor.default\">\n\t\t\t\t<div class=\"elementor-widget-container\">\n\t\t\t\t\t\t\t\t\t<p><strong>6. COMO SE PROTEXEN OS SEUS DATOS PERSOAIS?<\/strong><\/p>\n<p>Aplicamos medidas t\u00e9cnicas e organizativas adecuadas para garantir a seguridade dos seus datos persoais, evitando accesos non autorizados, perdas ou alteraci\u00f3ns.<\/p>\t\t\t\t\t\t\t\t<\/div>\n\t\t\t\t<\/div>\n\t\t\t\t\t<\/div>\n\t\t\t\t<\/div>\n\t\t<div class=\"elementor-element elementor-element-8d9be5c e-flex e-con-boxed e-con e-parent\" data-id=\"8d9be5c\" data-element_type=\"container\" data-e-type=\"container\">\n\t\t\t\t\t<div class=\"e-con-inner\">\n\t\t\t\t<div class=\"elementor-element elementor-element-5d0adc3 elementor-widget elementor-widget-text-editor\" data-id=\"5d0adc3\" data-element_type=\"widget\" data-e-type=\"widget\" data-widget_type=\"text-editor.default\">\n\t\t\t\t<div class=\"elementor-widget-container\">\n\t\t\t\t\t\t\t\t\t<p><strong>7. COMO PODE EXERCITAR OS SEUS DEREITOS?<\/strong><\/p>\n<p>Vostede ten dereito a<\/p>\n<ul>\n<li><strong>Acceso<\/strong>: Obter confirmaci\u00f3n sobre se estamos a tratar os seus datos persoais e acceder a eles.<\/li>\n<li><strong>Rectificaci\u00f3n<\/strong>: Solicitar a modificaci\u00f3n de datos incorrectos ou incompletos.<\/li>\n<li><strong>Supresi\u00f3n<\/strong> (Dereito ao esquecemento): Solicitar a eliminaci\u00f3n dos seus datos cando xa non sexan necesarios para os fins para os que foron recollidos.<\/li>\n<li><strong>Limitaci\u00f3n do tratamento<\/strong>: Restringir o tratamento dos seus datos en certas circunstancias.<\/li>\n<li><strong>Oposici\u00f3n<\/strong>: Negarse ao tratamento dos seus datos con fins espec\u00edficos.<\/li>\n<li><strong>Portabilidade<\/strong>: Recibir os seus datos nun formato estruturado, de uso com\u00fan e lexible por m\u00e1quina ou solicitar a s\u00faa transferencia a outro responsable.<\/li>\n<\/ul>\n<p>Para exercer estes dereitos, env\u00ede un correo a <a href=\"mailto:rgpd-clece@clece.es\">rgpd-clece@clece.es<\/a> co asunto &#8220;Exercicio de Dereitos de Protecci\u00f3n de Datos&#8221;.<\/p>\n<p>Se considera que os seus dereitos non foron adecuadamente atendidos, pode presentar unha reclamaci\u00f3n ante a Axencia Espa\u00f1ola de Protecci\u00f3n de Datos (AEPD) (R\/ Jorge Juan, 6, 28001 Madrid ou <a href=\"https:\/\/www.aepd.es\/\">www.aepd.es<\/a>).<\/p>\t\t\t\t\t\t\t\t<\/div>\n\t\t\t\t<\/div>\n\t\t\t\t\t<\/div>\n\t\t\t\t<\/div>\n\t\t<div class=\"elementor-element elementor-element-127b337 e-flex e-con-boxed e-con e-parent\" data-id=\"127b337\" data-element_type=\"container\" data-e-type=\"container\">\n\t\t\t\t\t<div class=\"e-con-inner\">\n\t\t\t\t<div class=\"elementor-element elementor-element-bf0efde elementor-widget elementor-widget-text-editor\" data-id=\"bf0efde\" data-element_type=\"widget\" data-e-type=\"widget\" data-widget_type=\"text-editor.default\">\n\t\t\t\t<div class=\"elementor-widget-container\">\n\t\t\t\t\t\t\t\t\t<p><strong>8. ACTUALIZACI\u00d3NS DESTA POL\u00cdTICA DE PRIVACIDADE<\/strong><\/p>\n<p>A empresa poder\u00e1 actualizar esta pol\u00edtica de privacidade para reflectir cambios na normativa ou nas s\u00faas pr\u00e1cticas de tratamento de datos. Recomend\u00e1moslle que a revise periodicamente.<\/p>\t\t\t\t\t\t\t\t<\/div>\n\t\t\t\t<\/div>\n\t\t\t\t\t<\/div>\n\t\t\t\t<\/div>\n\t\t\t\t<\/div>\n\t\t","protected":false},"excerpt":{"rendered":"<p>POL\u00cdTICA DE PRIVACIDADE 1. QUEN \u00c9 O RESPONSABLE DO TRATAMENTO DOS SEUS DATOS PERSOAIS? Denominaci\u00f3n Social: CLECE, S.A. CIF: A80364243 Enderezo Rexistrado: R\u00faa de Quintanavides, 19, Bloque 4 \u2013 Andares 1 e 2, 28050 Madrid, Espa\u00f1a Tel\u00e9fono: +34 91 745 91 00 Correo Electr\u00f3nico do Delegado de Protecci\u00f3n de Datos (DPD): rgpd-clece@clece.es 2.\u00a0 CON QUE [&hellip;]<\/p>\n","protected":false},"author":6,"featured_media":0,"parent":0,"menu_order":0,"comment_status":"closed","ping_status":"closed","template":"","meta":{"_acf_changed":false,"footnotes":""},"class_list":["post-8659","page","type-page","status-publish","hentry"],"acf":[],"yoast_head":"<!-- This site is optimized with the Yoast SEO plugin v27.3 - https:\/\/yoast.com\/product\/yoast-seo-wordpress\/ -->\n<title>Pol\u00edtica de privacidade | Clece<\/title>\n<meta name=\"description\" content=\"Co\u00f1ece a nosa pol\u00edtica de privacidade, que incl\u00fae estritas medidas de seguridade e confidencialidade. Cont\u00e1mosche como xestionamos a t\u00faa informaci\u00f3n en Clece e filiais.\" \/>\n<meta name=\"robots\" content=\"index, follow, max-snippet:-1, max-image-preview:large, max-video-preview:-1\" \/>\n<link rel=\"canonical\" href=\"https:\/\/clece.es\/gl\/politica-de-privacidade\/\" \/>\n<meta property=\"og:locale\" content=\"eu_ES\" \/>\n<meta property=\"og:type\" content=\"article\" \/>\n<meta property=\"og:title\" content=\"Pol\u00edtica de privacidade | Clece\" \/>\n<meta property=\"og:description\" content=\"Co\u00f1ece a nosa pol\u00edtica de privacidade, que incl\u00fae estritas medidas de seguridade e confidencialidade. Cont\u00e1mosche como xestionamos a t\u00faa informaci\u00f3n en Clece e filiais.\" \/>\n<meta property=\"og:url\" content=\"https:\/\/clece.es\/gl\/politica-de-privacidade\/\" \/>\n<meta property=\"og:site_name\" content=\"Clece\" \/>\n<meta property=\"article:publisher\" content=\"https:\/\/www.facebook.com\/CleceSociedadAnonima\/\" \/>\n<meta property=\"article:modified_time\" content=\"2025-09-08T10:27:58+00:00\" \/>\n<meta name=\"twitter:card\" content=\"summary_large_image\" \/>\n<meta name=\"twitter:site\" content=\"@Clece_\" \/>\n<meta name=\"twitter:label1\" content=\"Est. reading time\" \/>\n\t<meta name=\"twitter:data1\" content=\"5 minutes\" \/>\n<script type=\"application\/ld+json\" class=\"yoast-schema-graph\">{\"@context\":\"https:\\\/\\\/schema.org\",\"@graph\":[{\"@type\":\"WebPage\",\"@id\":\"https:\\\/\\\/clece.es\\\/gl\\\/politica-de-privacidade\\\/\",\"url\":\"https:\\\/\\\/clece.es\\\/gl\\\/politica-de-privacidade\\\/\",\"name\":\"Pol\u00edtica de privacidade | Clece\",\"isPartOf\":{\"@id\":\"https:\\\/\\\/clece.es\\\/es\\\/#website\"},\"datePublished\":\"2024-09-17T11:32:04+00:00\",\"dateModified\":\"2025-09-08T10:27:58+00:00\",\"description\":\"Co\u00f1ece a nosa pol\u00edtica de privacidade, que incl\u00fae estritas medidas de seguridade e confidencialidade. Cont\u00e1mosche como xestionamos a t\u00faa informaci\u00f3n en Clece e filiais.\",\"breadcrumb\":{\"@id\":\"https:\\\/\\\/clece.es\\\/gl\\\/politica-de-privacidade\\\/#breadcrumb\"},\"inLanguage\":\"eu-ES\",\"potentialAction\":[{\"@type\":\"ReadAction\",\"target\":[\"https:\\\/\\\/clece.es\\\/gl\\\/politica-de-privacidade\\\/\"]}]},{\"@type\":\"BreadcrumbList\",\"@id\":\"https:\\\/\\\/clece.es\\\/gl\\\/politica-de-privacidade\\\/#breadcrumb\",\"itemListElement\":[{\"@type\":\"ListItem\",\"position\":1,\"name\":\"Portada\",\"item\":\"https:\\\/\\\/clece.es\\\/es\\\/\"},{\"@type\":\"ListItem\",\"position\":2,\"name\":\"Pol\u00edtica de privacidade\"}]},{\"@type\":\"WebSite\",\"@id\":\"https:\\\/\\\/clece.es\\\/es\\\/#website\",\"url\":\"https:\\\/\\\/clece.es\\\/es\\\/\",\"name\":\"Clece\",\"description\":\"\",\"publisher\":{\"@id\":\"https:\\\/\\\/clece.es\\\/es\\\/#organization\"},\"potentialAction\":[{\"@type\":\"SearchAction\",\"target\":{\"@type\":\"EntryPoint\",\"urlTemplate\":\"https:\\\/\\\/clece.es\\\/es\\\/?s={search_term_string}\"},\"query-input\":{\"@type\":\"PropertyValueSpecification\",\"valueRequired\":true,\"valueName\":\"search_term_string\"}}],\"inLanguage\":\"eu-ES\"},{\"@type\":\"Organization\",\"@id\":\"https:\\\/\\\/clece.es\\\/es\\\/#organization\",\"name\":\"Grupo Clece\",\"url\":\"https:\\\/\\\/clece.es\\\/es\\\/\",\"logo\":{\"@type\":\"ImageObject\",\"inLanguage\":\"eu-ES\",\"@id\":\"https:\\\/\\\/clece.es\\\/es\\\/#\\\/schema\\\/logo\\\/image\\\/\",\"url\":\"https:\\\/\\\/sitio2.utopiasl.eu\\\/wp-content\\\/uploads\\\/2024\\\/10\\\/Logotipos_filiales_Clece_logotipo.png\",\"contentUrl\":\"https:\\\/\\\/sitio2.utopiasl.eu\\\/wp-content\\\/uploads\\\/2024\\\/10\\\/Logotipos_filiales_Clece_logotipo.png\",\"width\":5000,\"height\":5000,\"caption\":\"Grupo Clece\"},\"image\":{\"@id\":\"https:\\\/\\\/clece.es\\\/es\\\/#\\\/schema\\\/logo\\\/image\\\/\"},\"sameAs\":[\"https:\\\/\\\/www.facebook.com\\\/CleceSociedadAnonima\\\/\",\"https:\\\/\\\/x.com\\\/Clece_\",\"https:\\\/\\\/www.linkedin.com\\\/company\\\/clece-sa\\\/\"]}]}<\/script>\n<!-- \/ Yoast SEO plugin. -->","yoast_head_json":{"title":"Pol\u00edtica de privacidade | Clece","description":"Co\u00f1ece a nosa pol\u00edtica de privacidade, que incl\u00fae estritas medidas de seguridade e confidencialidade. Cont\u00e1mosche como xestionamos a t\u00faa informaci\u00f3n en Clece e filiais.","robots":{"index":"index","follow":"follow","max-snippet":"max-snippet:-1","max-image-preview":"max-image-preview:large","max-video-preview":"max-video-preview:-1"},"canonical":"https:\/\/clece.es\/gl\/politica-de-privacidade\/","og_locale":"eu_ES","og_type":"article","og_title":"Pol\u00edtica de privacidade | Clece","og_description":"Co\u00f1ece a nosa pol\u00edtica de privacidade, que incl\u00fae estritas medidas de seguridade e confidencialidade. Cont\u00e1mosche como xestionamos a t\u00faa informaci\u00f3n en Clece e filiais.","og_url":"https:\/\/clece.es\/gl\/politica-de-privacidade\/","og_site_name":"Clece","article_publisher":"https:\/\/www.facebook.com\/CleceSociedadAnonima\/","article_modified_time":"2025-09-08T10:27:58+00:00","twitter_card":"summary_large_image","twitter_site":"@Clece_","twitter_misc":{"Est. reading time":"5 minutes"},"schema":{"@context":"https:\/\/schema.org","@graph":[{"@type":"WebPage","@id":"https:\/\/clece.es\/gl\/politica-de-privacidade\/","url":"https:\/\/clece.es\/gl\/politica-de-privacidade\/","name":"Pol\u00edtica de privacidade | Clece","isPartOf":{"@id":"https:\/\/clece.es\/es\/#website"},"datePublished":"2024-09-17T11:32:04+00:00","dateModified":"2025-09-08T10:27:58+00:00","description":"Co\u00f1ece a nosa pol\u00edtica de privacidade, que incl\u00fae estritas medidas de seguridade e confidencialidade. Cont\u00e1mosche como xestionamos a t\u00faa informaci\u00f3n en Clece e filiais.","breadcrumb":{"@id":"https:\/\/clece.es\/gl\/politica-de-privacidade\/#breadcrumb"},"inLanguage":"eu-ES","potentialAction":[{"@type":"ReadAction","target":["https:\/\/clece.es\/gl\/politica-de-privacidade\/"]}]},{"@type":"BreadcrumbList","@id":"https:\/\/clece.es\/gl\/politica-de-privacidade\/#breadcrumb","itemListElement":[{"@type":"ListItem","position":1,"name":"Portada","item":"https:\/\/clece.es\/es\/"},{"@type":"ListItem","position":2,"name":"Pol\u00edtica de privacidade"}]},{"@type":"WebSite","@id":"https:\/\/clece.es\/es\/#website","url":"https:\/\/clece.es\/es\/","name":"Clece","description":"","publisher":{"@id":"https:\/\/clece.es\/es\/#organization"},"potentialAction":[{"@type":"SearchAction","target":{"@type":"EntryPoint","urlTemplate":"https:\/\/clece.es\/es\/?s={search_term_string}"},"query-input":{"@type":"PropertyValueSpecification","valueRequired":true,"valueName":"search_term_string"}}],"inLanguage":"eu-ES"},{"@type":"Organization","@id":"https:\/\/clece.es\/es\/#organization","name":"Grupo Clece","url":"https:\/\/clece.es\/es\/","logo":{"@type":"ImageObject","inLanguage":"eu-ES","@id":"https:\/\/clece.es\/es\/#\/schema\/logo\/image\/","url":"https:\/\/sitio2.utopiasl.eu\/wp-content\/uploads\/2024\/10\/Logotipos_filiales_Clece_logotipo.png","contentUrl":"https:\/\/sitio2.utopiasl.eu\/wp-content\/uploads\/2024\/10\/Logotipos_filiales_Clece_logotipo.png","width":5000,"height":5000,"caption":"Grupo Clece"},"image":{"@id":"https:\/\/clece.es\/es\/#\/schema\/logo\/image\/"},"sameAs":["https:\/\/www.facebook.com\/CleceSociedadAnonima\/","https:\/\/x.com\/Clece_","https:\/\/www.linkedin.com\/company\/clece-sa\/"]}]}},"_links":{"self":[{"href":"https:\/\/clece.es\/eu\/wp-json\/wp\/v2\/pages\/8659","targetHints":{"allow":["GET"]}}],"collection":[{"href":"https:\/\/clece.es\/eu\/wp-json\/wp\/v2\/pages"}],"about":[{"href":"https:\/\/clece.es\/eu\/wp-json\/wp\/v2\/types\/page"}],"author":[{"embeddable":true,"href":"https:\/\/clece.es\/eu\/wp-json\/wp\/v2\/users\/6"}],"replies":[{"embeddable":true,"href":"https:\/\/clece.es\/eu\/wp-json\/wp\/v2\/comments?post=8659"}],"version-history":[{"count":29,"href":"https:\/\/clece.es\/eu\/wp-json\/wp\/v2\/pages\/8659\/revisions"}],"predecessor-version":[{"id":149640,"href":"https:\/\/clece.es\/eu\/wp-json\/wp\/v2\/pages\/8659\/revisions\/149640"}],"wp:attachment":[{"href":"https:\/\/clece.es\/eu\/wp-json\/wp\/v2\/media?parent=8659"}],"curies":[{"name":"wp","href":"https:\/\/api.w.org\/{rel}","templated":true}]}}